{"id":10963,"date":"2025-12-27T08:56:35","date_gmt":"2025-12-27T13:56:35","guid":{"rendered":"https:\/\/juanburgoslaw.com\/es\/?page_id=10963"},"modified":"2025-12-27T08:56:41","modified_gmt":"2025-12-27T13:56:41","slug":"politica-de-cookies","status":"publish","type":"page","link":"https:\/\/juanburgoslaw.com\/es\/politica-de-cookies\/","title":{"rendered":"Pol\u00edtica de Cookies"},"content":{"rendered":"<p>[et_pb_section fb_built=\u00bb1&#8243; _builder_version=\u00bb4.27.0&#8243; _module_preset=\u00bbdefault\u00bb global_colors_info=\u00bb{}\u00bb theme_builder_area=\u00bbpost_content\u00bb][et_pb_row _builder_version=\u00bb4.27.0&#8243; _module_preset=\u00bbdefault\u00bb global_colors_info=\u00bb{}\u00bb theme_builder_area=\u00bbpost_content\u00bb][et_pb_column type=\u00bb4_4&#8243; _builder_version=\u00bb4.27.0&#8243; _module_preset=\u00bbdefault\u00bb global_colors_info=\u00bb{}\u00bb theme_builder_area=\u00bbpost_content\u00bb][et_pb_text _builder_version=\u00bb4.27.5&#8243; _module_preset=\u00bbdefault\u00bb hover_enabled=\u00bb0&#8243; global_colors_info=\u00bb{}\u00bb theme_builder_area=\u00bbpost_content\u00bb sticky_enabled=\u00bb0&#8243;]<\/p>\n<h1 style=\"color: #1e304f;\">Pol\u00edtica de Cookies<\/h1>\n<p><strong>\u00daltima actualizaci\u00f3n: 2025<\/strong><\/p>\n<p>Esta Pol\u00edtica de Cookies explica qu\u00e9 son las cookies y c\u00f3mo las utilizamos en el sitio web de <strong>Juan Burgos Law<\/strong> (juanburgoslaw.com). Usted debe leer esta pol\u00edtica para entender qu\u00e9 tipo de cookies utilizamos, la informaci\u00f3n que recopilamos mediante ellas y c\u00f3mo se usa esa informaci\u00f3n.<\/p>\n<hr style=\"border-top: 1px solid #ddd; margin: 30px 0;\" \/>\n<h2 style=\"color: #1e304f;\">\u00bfQu\u00e9 son las cookies?<\/h2>\n<p>Las cookies son peque\u00f1os archivos de texto que se almacenan en su navegador cuando visita un sitio web. Sirven para \u00abrecordar\u00bb sus acciones y preferencias durante un tiempo determinado, para que no tenga que volver a configurarlas cada vez que vuelva al sitio o navegue entre p\u00e1ginas.<\/p>\n<h2 style=\"color: #1e304f;\">\u00bfC\u00f3mo usamos las cookies?<\/h2>\n<p>Utilizamos cookies para:<\/p>\n<ul>\n<li>Mejorar el funcionamiento t\u00e9cnico de nuestro sitio web.<\/li>\n<li>Entender c\u00f3mo los visitantes usan nuestro sitio (mediante Google Analytics).<\/li>\n<li>Recordar sus preferencias de idioma (Espa\u00f1ol, Ingl\u00e9s, Portugu\u00e9s).<\/li>\n<li>Proteger el sitio contra ataques de seguridad.<\/li>\n<\/ul>\n<h2 style=\"color: #1e304f;\">Tipos de Cookies que utilizamos<\/h2>\n<h3>1. Cookies Esenciales (Estrictamente Necesarias)<\/h3>\n<p>Estas cookies son necesarias para que el sitio web funcione y no se pueden desactivar en nuestros sistemas. Por ejemplo, cookies que permiten navegar por las p\u00e1ginas, acceder a \u00e1reas seguras o recordar que usted acept\u00f3 (o rechaz\u00f3) la pol\u00edtica de cookies.<\/p>\n<h3>2. Cookies de An\u00e1lisis y Rendimiento<\/h3>\n<p>Utilizamos servicios como <strong>Google Analytics<\/strong> para recopilar informaci\u00f3n an\u00f3nima, como el n\u00famero de visitantes al sitio y las p\u00e1ginas m\u00e1s populares. Mantener esta cookie habilitada nos ayuda a mejorar nuestro sitio web para usted.<\/p>\n<ul>\n<li><strong>Proveedor:<\/strong> Google LLC<\/li>\n<li><strong>Datos:<\/strong> An\u00f3nimos (Direcci\u00f3n IP anonimizada, comportamiento de navegaci\u00f3n).<\/li>\n<\/ul>\n<h3>3. Cookies de Funcionalidad<\/h3>\n<p>Permiten que el sitio web recuerde las elecciones que usted hace (como su nombre de usuario, idioma o la regi\u00f3n en la que se encuentra) y proporcione caracter\u00edsticas mejoradas y m\u00e1s personales.<\/p>\n<h2 style=\"color: #1e304f;\">C\u00f3mo gestionar las cookies<\/h2>\n<p>Usted tiene el derecho de decidir si acepta o rechaza las cookies. Puede configurar los controles de su navegador web para aceptar o rechazar cookies.<\/p>\n<p>Si decide rechazar las cookies, podr\u00e1 seguir utilizando nuestro sitio web, aunque su acceso a algunas funciones y \u00e1reas de nuestro sitio web puede estar restringido. Como los medios por los cuales puede rechazar las cookies a trav\u00e9s de los controles de su navegador web var\u00edan de un navegador a otro, debe visitar el men\u00fa de ayuda de su navegador para obtener m\u00e1s informaci\u00f3n.<\/p>\n<h2 style=\"color: #1e304f;\">Contacto<\/h2>\n<p>Si tiene preguntas sobre nuestro uso de cookies, cont\u00e1ctenos en <a href=\"mailto:info@juanburgoslaw.com\">info@juanburgoslaw.com<\/a>.<\/p>\n<p>[\/et_pb_text][\/et_pb_column][\/et_pb_row][\/et_pb_section]<\/p>\n","protected":false},"excerpt":{"rendered":"<p>Pol\u00edtica de Cookies \u00daltima actualizaci\u00f3n: 2025 Esta Pol\u00edtica de Cookies explica qu\u00e9 son las cookies y c\u00f3mo las utilizamos en el sitio web de Juan Burgos Law (juanburgoslaw.com). Usted debe leer esta pol\u00edtica para entender qu\u00e9 tipo de cookies utilizamos, la informaci\u00f3n que recopilamos mediante ellas y c\u00f3mo se usa esa informaci\u00f3n. \u00bfQu\u00e9 son las [&hellip;]<\/p>\n","protected":false},"author":1,"featured_media":0,"parent":0,"menu_order":0,"comment_status":"closed","ping_status":"closed","template":"","meta":{"_acf_changed":false,"_et_pb_use_builder":"on","_et_pb_old_content":"","_et_gb_content_width":"","_lmt_disableupdate":"no","_lmt_disable":"","footnotes":""},"class_list":["post-10963","page","type-page","status-publish","hentry"],"acf":[],"_links":{"self":[{"href":"https:\/\/juanburgoslaw.com\/es\/wp-json\/wp\/v2\/pages\/10963","targetHints":{"allow":["GET"]}}],"collection":[{"href":"https:\/\/juanburgoslaw.com\/es\/wp-json\/wp\/v2\/pages"}],"about":[{"href":"https:\/\/juanburgoslaw.com\/es\/wp-json\/wp\/v2\/types\/page"}],"author":[{"embeddable":true,"href":"https:\/\/juanburgoslaw.com\/es\/wp-json\/wp\/v2\/users\/1"}],"replies":[{"embeddable":true,"href":"https:\/\/juanburgoslaw.com\/es\/wp-json\/wp\/v2\/comments?post=10963"}],"version-history":[{"count":0,"href":"https:\/\/juanburgoslaw.com\/es\/wp-json\/wp\/v2\/pages\/10963\/revisions"}],"wp:attachment":[{"href":"https:\/\/juanburgoslaw.com\/es\/wp-json\/wp\/v2\/media?parent=10963"}],"curies":[{"name":"wp","href":"https:\/\/api.w.org\/{rel}","templated":true}]}}