{"id":10977,"date":"2025-12-27T10:11:24","date_gmt":"2025-12-27T15:11:24","guid":{"rendered":"https:\/\/juanburgoslaw.com\/es\/?page_id=10977"},"modified":"2025-12-27T10:11:29","modified_gmt":"2025-12-27T15:11:29","slug":"terminos-y-condiciones","status":"publish","type":"page","link":"https:\/\/juanburgoslaw.com\/es\/terminos-y-condiciones\/","title":{"rendered":"T\u00e9rminos y Condiciones de Uso"},"content":{"rendered":"<p>[et_pb_section fb_built=\u00bb1&#8243; _builder_version=\u00bb4.27.0&#8243; _module_preset=\u00bbdefault\u00bb global_colors_info=\u00bb{}\u00bb theme_builder_area=\u00bbpost_content\u00bb][et_pb_row _builder_version=\u00bb4.27.0&#8243; _module_preset=\u00bbdefault\u00bb global_colors_info=\u00bb{}\u00bb theme_builder_area=\u00bbpost_content\u00bb][et_pb_column type=\u00bb4_4&#8243; _builder_version=\u00bb4.27.0&#8243; _module_preset=\u00bbdefault\u00bb global_colors_info=\u00bb{}\u00bb theme_builder_area=\u00bbpost_content\u00bb][et_pb_text _builder_version=\u00bb4.27.5&#8243; _module_preset=\u00bbdefault\u00bb hover_enabled=\u00bb0&#8243; global_colors_info=\u00bb{}\u00bb theme_builder_area=\u00bbpost_content\u00bb sticky_enabled=\u00bb0&#8243;]<\/p>\n<h1 style=\"color: #1e304f;\">T\u00e9rminos y Condiciones de Uso<\/h1>\n<p><strong>\u00daltima actualizaci\u00f3n: 2025<\/strong><\/p>\n<p>Bienvenido al sitio web de <strong>Juan Burgos Law<\/strong> (juanburgoslaw.com). Al acceder o utilizar este sitio web, usted acepta cumplir y estar sujeto a los siguientes T\u00e9rminos y Condiciones. Si no est\u00e1 de acuerdo con estos t\u00e9rminos, por favor no utilice nuestro sitio.<\/p>\n<hr style=\"border-top: 1px solid #ddd; margin: 30px 0;\" \/>\n<h2 style=\"color: #1e304f;\">1. Descargo de Responsabilidad: No es Asesoramiento Legal<\/h2>\n<p>La informaci\u00f3n contenida en este sitio web tiene fines <strong>\u00fanicamente informativos y educativos<\/strong>. Nada en este sitio debe interpretarse como asesoramiento legal formal, recomendaci\u00f3n o consejo jur\u00eddico sobre ning\u00fan tema espec\u00edfico.<\/p>\n<ul>\n<li>El contenido de este sitio no pretende sustituir el asesoramiento legal de un abogado con licencia en su jurisdicci\u00f3n.<\/li>\n<li>No debe actuar ni abstenerse de actuar bas\u00e1ndose en cualquier contenido incluido en este sitio sin buscar el asesoramiento legal o profesional adecuado.<\/li>\n<li>Juan Burgos Law renuncia expresamente a toda responsabilidad con respecto a las acciones tomadas o no tomadas en base a cualquier contenido de este sitio.<\/li>\n<\/ul>\n<h2 style=\"color: #1e304f;\">2. No Relaci\u00f3n Abogado-Cliente<\/h2>\n<p>El simple hecho de visitar este sitio web, enviar un formulario de contacto, enviar un correo electr\u00f3nico o llamar a nuestra oficina <strong>NO crea una relaci\u00f3n abogado-cliente<\/strong> entre usted y Juan Burgos Law.<\/p>\n<p>Una relaci\u00f3n abogado-cliente solo se establece cuando:<\/p>\n<ol>\n<li>Hemos verificado que no existen conflictos de inter\u00e9s.<\/li>\n<li>Hemos aceptado formalmente representarlo.<\/li>\n<li>Ambas partes han firmado un contrato de retenci\u00f3n o acuerdo de honorarios por escrito.<\/li>\n<\/ol>\n<p>Por favor, no nos env\u00ede informaci\u00f3n confidencial hasta que se haya establecido dicha relaci\u00f3n formal.<\/p>\n<h2 style=\"color: #1e304f;\">3. Resultados Pasados y Testimonios<\/h2>\n<p>Este sitio web puede contener descripciones de casos anteriores y testimonios de clientes. Tenga en cuenta que:<\/p>\n<ul>\n<li>Cada caso legal es \u00fanico y los resultados dependen de una variedad de factores espec\u00edficos.<\/li>\n<li>Los resultados pasados <strong>no garantizan<\/strong> un resultado similar en su caso futuro.<\/li>\n<li>Los testimonios reflejan la experiencia personal de esos clientes y no son necesariamente representativos de todos los clientes.<\/li>\n<\/ul>\n<h2 style=\"color: #1e304f;\">4. Agencia de Alivio de Deuda<\/h2>\n<p>De acuerdo con el T\u00edtulo 11 del C\u00f3digo de los Estados Unidos, <strong>Juan Burgos Law es una Agencia de Alivio de Deuda (Debt Relief Agency)<\/strong>. Ayudamos a las personas a solicitar la bancarrota bajo el C\u00f3digo de Bancarrota de los Estados Unidos.<\/p>\n<h2 style=\"color: #1e304f;\">5. Propiedad Intelectual<\/h2>\n<p>Todo el contenido de este sitio web, incluyendo textos, gr\u00e1ficos, logotipos, im\u00e1genes y software, es propiedad de Juan Burgos Law o sus proveedores de contenido y est\u00e1 protegido por las leyes de derechos de autor de los Estados Unidos e internacionales. Usted no puede reproducir, distribuir o transmitir ning\u00fan material de este sitio sin nuestro permiso previo por escrito.<\/p>\n<h2 style=\"color: #1e304f;\">6. Enlaces a Terceros<\/h2>\n<p>Este sitio web puede contener enlaces a sitios web de terceros (como tribunales, agencias gubernamentales o recursos legales). Estos enlaces se proporcionan solo para su conveniencia. Juan Burgos Law no tiene control sobre el contenido de esos sitios y no asume responsabilidad por su precisi\u00f3n, legalidad o contenido.<\/p>\n<h2 style=\"color: #1e304f;\">7. Limitaci\u00f3n de Responsabilidad<\/h2>\n<p>En la m\u00e1xima medida permitida por la ley aplicable, Juan Burgos Law no ser\u00e1 responsable de ning\u00fan da\u00f1o directo, indirecto, incidental, especial o consecuente que surja del uso o la imposibilidad de usar este sitio web o su contenido.<\/p>\n<h2 style=\"color: #1e304f;\">8. Ley Aplicable y Jurisdicci\u00f3n<\/h2>\n<p>Estos T\u00e9rminos y Condiciones se rigen e interpretan de acuerdo con las leyes del <strong>Estado de Florida<\/strong>, sin dar efecto a sus principios de conflicto de leyes. Cualquier disputa que surja en relaci\u00f3n con este sitio web estar\u00e1 sujeta a la jurisdicci\u00f3n exclusiva de los tribunales estatales y federales ubicados en el Condado de Orange, Florida.<\/p>\n<h2 style=\"color: #1e304f;\">9. Cambios a los T\u00e9rminos<\/h2>\n<p>Nos reservamos el derecho de modificar estos T\u00e9rminos y Condiciones en cualquier momento. Cualquier cambio ser\u00e1 efectivo inmediatamente despu\u00e9s de su publicaci\u00f3n en el sitio web. Su uso continuado del sitio constituye su aceptaci\u00f3n de dichos cambios.<\/p>\n<h2 style=\"color: #1e304f;\">Contacto<\/h2>\n<p>Si tiene alguna pregunta sobre estos T\u00e9rminos, puede contactarnos en:<\/p>\n<p><strong>Juan Burgos Law<\/strong><br \/>Email: info@juanburgoslaw.com<br \/>Tel\u00e9fono: (407) 505-4190<\/p>\n<p>[\/et_pb_text][\/et_pb_column][\/et_pb_row][\/et_pb_section]<\/p>\n","protected":false},"excerpt":{"rendered":"<p>Lea nuestros t\u00e9rminos de uso. Aviso importante: Este sitio web es informativo y no constituye asesoramiento legal ni crea una relaci\u00f3n abogado-cliente.<\/p>\n","protected":false},"author":1,"featured_media":0,"parent":0,"menu_order":2,"comment_status":"closed","ping_status":"closed","template":"","meta":{"_acf_changed":false,"_et_pb_use_builder":"on","_et_pb_old_content":"","_et_gb_content_width":"","_lmt_disableupdate":"no","_lmt_disable":"","footnotes":""},"class_list":["post-10977","page","type-page","status-publish","hentry"],"acf":[],"_links":{"self":[{"href":"https:\/\/juanburgoslaw.com\/es\/wp-json\/wp\/v2\/pages\/10977","targetHints":{"allow":["GET"]}}],"collection":[{"href":"https:\/\/juanburgoslaw.com\/es\/wp-json\/wp\/v2\/pages"}],"about":[{"href":"https:\/\/juanburgoslaw.com\/es\/wp-json\/wp\/v2\/types\/page"}],"author":[{"embeddable":true,"href":"https:\/\/juanburgoslaw.com\/es\/wp-json\/wp\/v2\/users\/1"}],"replies":[{"embeddable":true,"href":"https:\/\/juanburgoslaw.com\/es\/wp-json\/wp\/v2\/comments?post=10977"}],"version-history":[{"count":0,"href":"https:\/\/juanburgoslaw.com\/es\/wp-json\/wp\/v2\/pages\/10977\/revisions"}],"wp:attachment":[{"href":"https:\/\/juanburgoslaw.com\/es\/wp-json\/wp\/v2\/media?parent=10977"}],"curies":[{"name":"wp","href":"https:\/\/api.w.org\/{rel}","templated":true}]}}