{"id":13093,"date":"2026-03-05T10:31:42","date_gmt":"2026-03-05T15:31:42","guid":{"rendered":"https:\/\/juanburgoslaw.com\/es\/?page_id=13093"},"modified":"2026-03-05T10:31:42","modified_gmt":"2026-03-05T15:31:42","slug":"terminos-de-servicio-y-descargo-de-responsabilidad","status":"publish","type":"page","link":"https:\/\/juanburgoslaw.com\/es\/terminos-de-servicio-y-descargo-de-responsabilidad\/","title":{"rendered":"T\u00e9rminos de Servicio y Descargo de Responsabilidad"},"content":{"rendered":"<p>[et_pb_section fb_built=\u00bb1&#8243; _builder_version=\u00bb4.27.0&#8243; _module_preset=\u00bbdefault\u00bb global_colors_info=\u00bb{}\u00bb][et_pb_row _builder_version=\u00bb4.27.0&#8243; _module_preset=\u00bbdefault\u00bb global_colors_info=\u00bb{}\u00bb][et_pb_column type=\u00bb4_4&#8243; _builder_version=\u00bb4.27.0&#8243; _module_preset=\u00bbdefault\u00bb global_colors_info=\u00bb{}\u00bb][et_pb_text _builder_version=\u00bb4.27.6&#8243; _module_preset=\u00bbdefault\u00bb hover_enabled=\u00bb0&#8243; global_colors_info=\u00bb{}\u00bb sticky_enabled=\u00bb0&#8243;]<\/p>\n<div style=\"font-family: 'Poppins', sans-serif; color: #444; line-height: 1.8; background-color: #ffffff; padding: 30px; box-sizing: border-box; max-width: 1000px; margin: 0 auto;\">\n<h1 style=\"color: #1e304f; font-weight: 800; font-size: clamp(32px, 5vw, 48px); line-height: 1.2; margin-bottom: 5px; text-align: center;\">T\u00e9rminos de Servicio y Descargo de Responsabilidad Legal<\/h1>\n<p style=\"text-align: center; font-style: italic; color: #777; margin-bottom: 40px;\">Fecha de entrada en vigor: Marzo de 2026<\/p>\n<p style=\"font-size: 16px; margin-bottom: 25px;\">Bienvenido al sitio web de Juan Burgos Law (la \u00abFirma\u00bb, \u00abnosotros\u00bb, \u00abnuestro\u00bb o \u00abnos\u00bb). Lea detenidamente estos T\u00e9rminos de Servicio y Descargo de Responsabilidad Legal (\u00abT\u00e9rminos\u00bb) antes de utilizar <strong>https:\/\/juanburgoslaw.com<\/strong> (el \u00abSitio\u00bb).<\/p>\n<p style=\"font-size: 16px; margin-bottom: 40px;\">Al acceder o utilizar este Sitio, usted acepta estar sujeto a estos T\u00e9rminos. Si no est\u00e1 de acuerdo con todos los t\u00e9rminos y condiciones aqu\u00ed establecidos, no debe acceder ni utilizar el Sitio.<\/p>\n<h2 style=\"color: #1e304f; font-weight: bold; font-size: 24px; margin-top: 40px; margin-bottom: 15px; border-bottom: 2px solid #f4f4f4; padding-bottom: 10px;\">1. Ninguna Relaci\u00f3n Abogado-Cliente<\/h2>\n<p style=\"font-size: 16px; margin-bottom: 25px;\">El uso de este Sitio, incluyendo el env\u00edo de un correo electr\u00f3nico, formulario de contacto, chat en vivo o mensaje de texto a la Firma, <strong>no<\/strong> crea una relaci\u00f3n de abogado-cliente entre usted y Juan Burgos Law. Una relaci\u00f3n abogado-cliente solo se establece cuando tanto el cliente como la Firma firman un acuerdo de representaci\u00f3n formal y por escrito. Abst\u00e9ngase de enviar informaci\u00f3n altamente confidencial o sensible a trav\u00e9s del Sitio hasta que se establezca dicha relaci\u00f3n.<\/p>\n<h2 style=\"color: #1e304f; font-weight: bold; font-size: 24px; margin-top: 40px; margin-bottom: 15px; border-bottom: 2px solid #f4f4f4; padding-bottom: 10px;\">2. Solo para Fines Informativos (No es Asesoramiento Legal)<\/h2>\n<p style=\"font-size: 16px; margin-bottom: 25px;\">El contenido proporcionado en este Sitio \u2014incluyendo, entre otros, art\u00edculos, publicaciones de blog, descripciones de \u00e1reas de pr\u00e1ctica y preguntas frecuentes\u2014 est\u00e1 destinado \u00fanicamente a fines informativos generales. No constituye asesoramiento legal, financiero ni profesional. La ley cambia r\u00e1pidamente y, aunque nos esforzamos por mantener nuestro contenido preciso y actualizado, no garantizamos que la informaci\u00f3n de este Sitio refleje los desarrollos legales m\u00e1s recientes. No debe actuar o abstenerse de actuar bas\u00e1ndose en ninguna informaci\u00f3n obtenida de este Sitio sin consultar a un abogado con licencia en su jurisdicci\u00f3n.<\/p>\n<h2 style=\"color: #1e304f; font-weight: bold; font-size: 24px; margin-top: 40px; margin-bottom: 15px; border-bottom: 2px solid #f4f4f4; padding-bottom: 10px;\">3. Los Resultados Pasados no Garantizan Resultados Futuros<\/h2>\n<p style=\"font-size: 16px; margin-bottom: 25px;\">Cualquier descripci\u00f3n de resultados de casos pasados, acuerdos, veredictos o testimonios en este Sitio tiene como objetivo proporcionar informaci\u00f3n sobre la experiencia de la Firma. No garantizan, aseguran ni predicen que se lograr\u00e1 un resultado similar en su caso o en cualquier caso futuro. Cada asunto legal es \u00fanico y depende de sus propios hechos y circunstancias espec\u00edficas.<\/p>\n<h2 style=\"color: #1e304f; font-weight: bold; font-size: 24px; margin-top: 40px; margin-bottom: 15px; border-bottom: 2px solid #f4f4f4; padding-bottom: 10px;\">4. Comunicaci\u00f3n y Consentimiento TCPA<\/h2>\n<p style=\"font-size: 16px; margin-bottom: 25px;\">Al proporcionar su n\u00famero de tel\u00e9fono y enviar una consulta a trav\u00e9s de nuestro Sitio, usted acepta ser contactado por Juan Burgos Law a trav\u00e9s de llamadas telef\u00f3nicas y mensajes de texto (SMS), incluso si su n\u00famero est\u00e1 en una lista de \u00abNo llamar\u00bb (Do Not Call). Pueden aplicarse tarifas est\u00e1ndar de mensajes y datos. Puede optar por no recibir mensajes de texto en cualquier momento respondiendo \u00abSTOP\u00bb. Para obtener m\u00e1s detalles sobre c\u00f3mo manejamos sus datos, revise nuestra <a href=\"\/politica-de-privacidad\/\" style=\"color: #ffb400; text-decoration: underline;\">Pol\u00edtica de Privacidad<\/a>.<\/p>\n<h2 style=\"color: #1e304f; font-weight: bold; font-size: 24px; margin-top: 40px; margin-bottom: 15px; border-bottom: 2px solid #f4f4f4; padding-bottom: 10px;\">5. Enlaces a Terceros<\/h2>\n<p style=\"font-size: 16px; margin-bottom: 25px;\">Este Sitio puede contener enlaces a sitios web o recursos de terceros. Estos enlaces se proporcionan \u00fanicamente para su conveniencia. Juan Burgos Law no tiene control sobre el contenido de esos sitios y no asume ninguna responsabilidad por su precisi\u00f3n, seguridad o pr\u00e1cticas de privacidad. El acceso a cualquier enlace de terceros es bajo su propio riesgo.<\/p>\n<h2 style=\"color: #1e304f; font-weight: bold; font-size: 24px; margin-top: 40px; margin-bottom: 15px; border-bottom: 2px solid #f4f4f4; padding-bottom: 10px;\">6. Limitaci\u00f3n de Responsabilidad<\/h2>\n<p style=\"font-size: 16px; margin-bottom: 25px;\">En la m\u00e1xima medida permitida por la ley, Juan Burgos Law, sus abogados y sus afiliados renuncian a toda responsabilidad por cualquier da\u00f1o directo, indirecto, incidental, consecuente o punitivo que surja de su acceso, uso o incapacidad para usar este Sitio, o de cualquier error u omisi\u00f3n en el contenido del mismo.<\/p>\n<h2 style=\"color: #1e304f; font-weight: bold; font-size: 24px; margin-top: 40px; margin-bottom: 15px; border-bottom: 2px solid #f4f4f4; padding-bottom: 10px;\">7. Ley Aplicable y Jurisdicci\u00f3n<\/h2>\n<p style=\"font-size: 16px; margin-bottom: 25px;\">Estos T\u00e9rminos se regir\u00e1n e interpretar\u00e1n de acuerdo con las leyes del Estado de Florida, sin tener en cuenta sus principios de conflicto de leyes. Cualquier acci\u00f3n o procedimiento legal que surja de o est\u00e9 relacionado con su uso del Sitio se presentar\u00e1 exclusivamente en los tribunales estatales o federales ubicados en Florida.<\/p>\n<h2 style=\"color: #1e304f; font-weight: bold; font-size: 24px; margin-top: 40px; margin-bottom: 15px; border-bottom: 2px solid #f4f4f4; padding-bottom: 10px;\">8. Modificaciones a los T\u00e9rminos<\/h2>\n<p style=\"font-size: 16px; margin-bottom: 25px;\">Nos reservamos el derecho de actualizar o modificar estos T\u00e9rminos en cualquier momento sin previo aviso. Cualquier cambio entrar\u00e1 en vigor inmediatamente despu\u00e9s de su publicaci\u00f3n en esta p\u00e1gina. Su uso continuo del Sitio tras la publicaci\u00f3n de los T\u00e9rminos revisados constituye su aceptaci\u00f3n de dichos cambios.<\/p>\n<h2 style=\"color: #1e304f; font-weight: bold; font-size: 24px; margin-top: 40px; margin-bottom: 15px; border-bottom: 2px solid #f4f4f4; padding-bottom: 10px;\">9. Cont\u00e1ctenos<\/h2>\n<p style=\"font-size: 16px; margin-bottom: 10px;\">Si tiene alguna pregunta sobre estos T\u00e9rminos o nuestro Descargo de Responsabilidad Legal, comun\u00edquese con nosotros al:<\/p>\n<p style=\"font-size: 16px; font-weight: 600; margin-bottom: 0;\">Juan Burgos Law<\/p>\n<p style=\"font-size: 16px; margin-bottom: 0;\">Tel\u00e9fono: (407) 505-4190<\/p>\n<p style=\"font-size: 16px; margin-bottom: 0;\">Sitio Web: <a href=\"https:\/\/juanburgoslaw.com\" style=\"color: #ffb400; text-decoration: underline;\">https:\/\/juanburgoslaw.com<\/a><\/p>\n<\/div>\n<p>[\/et_pb_text][\/et_pb_column][\/et_pb_row][\/et_pb_section]<\/p>\n","protected":false},"excerpt":{"rendered":"<p>T\u00e9rminos de Servicio y Descargo de Responsabilidad Legal Fecha de entrada en vigor: Marzo de 2026 Bienvenido al sitio web de Juan Burgos Law (la \u00abFirma\u00bb, \u00abnosotros\u00bb, \u00abnuestro\u00bb o \u00abnos\u00bb). Lea detenidamente estos T\u00e9rminos de Servicio y Descargo de Responsabilidad Legal (\u00abT\u00e9rminos\u00bb) antes de utilizar https:\/\/juanburgoslaw.com (el \u00abSitio\u00bb). Al acceder o utilizar este Sitio, usted [&hellip;]<\/p>\n","protected":false},"author":1,"featured_media":0,"parent":0,"menu_order":1,"comment_status":"closed","ping_status":"closed","template":"","meta":{"_acf_changed":false,"_et_pb_use_builder":"on","_et_pb_old_content":"","_et_gb_content_width":"","_lmt_disableupdate":"no","_lmt_disable":"","footnotes":""},"class_list":["post-13093","page","type-page","status-publish","hentry"],"acf":[],"_links":{"self":[{"href":"https:\/\/juanburgoslaw.com\/es\/wp-json\/wp\/v2\/pages\/13093","targetHints":{"allow":["GET"]}}],"collection":[{"href":"https:\/\/juanburgoslaw.com\/es\/wp-json\/wp\/v2\/pages"}],"about":[{"href":"https:\/\/juanburgoslaw.com\/es\/wp-json\/wp\/v2\/types\/page"}],"author":[{"embeddable":true,"href":"https:\/\/juanburgoslaw.com\/es\/wp-json\/wp\/v2\/users\/1"}],"replies":[{"embeddable":true,"href":"https:\/\/juanburgoslaw.com\/es\/wp-json\/wp\/v2\/comments?post=13093"}],"version-history":[{"count":0,"href":"https:\/\/juanburgoslaw.com\/es\/wp-json\/wp\/v2\/pages\/13093\/revisions"}],"wp:attachment":[{"href":"https:\/\/juanburgoslaw.com\/es\/wp-json\/wp\/v2\/media?parent=13093"}],"curies":[{"name":"wp","href":"https:\/\/api.w.org\/{rel}","templated":true}]}}