{"id":4957,"date":"2025-06-21T18:15:16","date_gmt":"2025-06-21T22:15:16","guid":{"rendered":"https:\/\/juanburgoslaw.com\/es\/?page_id=4957"},"modified":"2026-02-12T07:50:13","modified_gmt":"2026-02-12T12:50:13","slug":"servicios-legales-en-orange-county","status":"publish","type":"page","link":"https:\/\/juanburgoslaw.com\/es\/servicios-legales-en-orange-county\/","title":{"rendered":"Orange County"},"content":{"rendered":"<p>[et_pb_section fb_built=\u00bb1&#8243; module_class=\u00bbpac-dtocm-exclude\u00bb _builder_version=\u00bb4.27.5&#8243; _module_preset=\u00bbdefault\u00bb background_color=\u00bb#1e304f\u00bb background_image=\u00bbhttps:\/\/juanburgoslaw.com\/wp-content\/uploads\/sites\/2\/2024\/07\/flag_banner.jpg\u00bb background_enable_image=\u00bboff\u00bb min_height=\u00bb500px\u00bb custom_padding=\u00bb||0px||false|false\u00bb global_module=\u00bb7473&#8243; saved_tabs=\u00bball\u00bb global_colors_info=\u00bb{}\u00bb][et_pb_row _builder_version=\u00bb4.27.4&#8243; _module_preset=\u00bbdefault\u00bb global_colors_info=\u00bb{}\u00bb][et_pb_column type=\u00bb4_4&#8243; _builder_version=\u00bb4.27.4&#8243; _module_preset=\u00bbdefault\u00bb global_colors_info=\u00bb{}\u00bb][et_pb_heading title=\u00bb@ET-DC@eyJkeW5hbWljIjp0cnVlLCJjb250ZW50IjoiY3VzdG9tX21ldGFfc2VvX3RpdGxlIiwic2V0dGluZ3MiOnsiYmVmb3JlIjoiIiwiYWZ0ZXIiOiIiLCJlbmFibGVfaHRtbCI6Im9mZiJ9fQ==@\u00bb _builder_version=\u00bb4.27.5&#8243; _dynamic_attributes=\u00bbtitle\u00bb _module_preset=\u00bbdefault\u00bb title_text_align=\u00bbleft\u00bb title_text_color=\u00bb#FFFFFF\u00bb title_font_size=\u00bb1.6vw\u00bb title_font_size_tablet=\u00bb5vw\u00bb title_font_size_phone=\u00bb7vw\u00bb title_font_size_last_edited=\u00bbon|phone\u00bb global_colors_info=\u00bb{}\u00bb][\/et_pb_heading][et_pb_text _builder_version=\u00bb4.27.4&#8243; _module_preset=\u00bbdefault\u00bb header_3_font=\u00bbKarla|700||on|||||\u00bb header_3_text_color=\u00bbgcid-3be78ac1-5c76-434a-bf1c-a189cb823200&#8243; header_3_font_size=\u00bb3.5vw\u00bb header_4_text_color=\u00bb#FFFFFF\u00bb header_3_font_size_tablet=\u00bb8vw\u00bb header_3_font_size_phone=\u00bb\u00bb header_3_font_size_last_edited=\u00bbon|phone\u00bb global_colors_info=\u00bb{%22gcid-3be78ac1-5c76-434a-bf1c-a189cb823200%22:%91%22header_3_text_color%22%93}\u00bb]<\/p>\n<h3>Luchando por tus derechos<\/h3>\n<h4 class=\"et_pb_module_heading et-fb-editable-element et-fb-editable-element__editing\" data-shortcode-id=\"0.0.0.2-1764520087777\" data-quickaccess-id=\"title\" contenteditable=\"true\">Abogado Juan Burgos Bancarrotas | Accidentes<\/h4>\n<p>[\/et_pb_text][\/et_pb_column][\/et_pb_row][et_pb_row column_structure=\u00bb1_2,1_2&#8243; use_custom_gutter=\u00bbon\u00bb gutter_width=\u00bb1&#8243; make_equal=\u00bbon\u00bb module_class=\u00bbpac-dtocm-exclude\u00bb _builder_version=\u00bb4.27.4&#8243; _module_preset=\u00bbdefault\u00bb background_color=\u00bb#1e304f\u00bb custom_padding=\u00bb||||false|false\u00bb border_radii=\u00bbon|12px|12px|12px|12px\u00bb border_color_all=\u00bb#FFFFFF\u00bb global_colors_info=\u00bb{}\u00bb][et_pb_column type=\u00bb1_2&#8243; _builder_version=\u00bb4.27.4&#8243; _module_preset=\u00bbdefault\u00bb global_colors_info=\u00bb{}\u00bb][et_pb_image src=\u00bbhttps:\/\/juanburgoslaw.com\/es\/wp-content\/uploads\/sites\/2\/2025\/12\/juan_burgos.avif\u00bb alt=\u00bbAbogado Juan Burgos\u00bb title_text=\u00bbAbogado Juan Burgos\u00bb align=\u00bbcenter\u00bb _builder_version=\u00bb4.27.4&#8243; _module_preset=\u00bbdefault\u00bb background_enable_color=\u00bboff\u00bb width=\u00bb90%\u00bb global_colors_info=\u00bb{}\u00bb][\/et_pb_image][\/et_pb_column][et_pb_column type=\u00bb1_2&#8243; _builder_version=\u00bb4.27.4&#8243; _module_preset=\u00bbdefault\u00bb custom_padding=\u00bb12px||12px||false|false\u00bb border_radii=\u00bbon|8px|8px|8px|8px\u00bb border_width_all=\u00bb0.1px\u00bb border_color_all=\u00bb#FFFFFF\u00bb global_colors_info=\u00bb{}\u00bb][et_pb_text _builder_version=\u00bb4.27.4&#8243; _module_preset=\u00bbdefault\u00bb text_text_color=\u00bb#FFFFFF\u00bb header_3_text_color=\u00bb#FFFFFF\u00bb header_4_text_color=\u00bbgcid-3be78ac1-5c76-434a-bf1c-a189cb823200&#8243; header_4_font_size=\u00bb1.4vw\u00bb width=\u00bb90%\u00bb module_alignment=\u00bbcenter\u00bb header_4_font_size_tablet=\u00bb4vw\u00bb header_4_font_size_phone=\u00bb5vw\u00bb header_4_font_size_last_edited=\u00bbon|phone\u00bb global_colors_info=\u00bb{%22gcid-3be78ac1-5c76-434a-bf1c-a189cb823200%22:%91%22header_4_text_color%22%93}\u00bb]<\/p>\n<h4 style=\"text-align: left;\">\u00a1Solicite hoy su consulta gratis!<\/h4>\n<p>[\/et_pb_text][et_pb_contact_form use_spam_service=\u00bbon\u00bb recaptcha_list=\u00bbJuan Burgos Lawfirm|Juan Burgos Lawfirm-0&#8243; email=\u00bbinfo@juanburgoslaw.com\u00bb custom_message=\u00bb%%Name%%||et_pb_line_break_holder||%%Email%%||et_pb_line_break_holder||%%Telephone%%||et_pb_line_break_holder||%%Message%%\u00bb success_message=\u00bbGracias por contactarnos\u00bb submit_button_text=\u00bbEnviar\u00bb _builder_version=\u00bb4.27.5&#8243; _module_preset=\u00bbdefault\u00bb _unique_id=\u00bb51d71c21-9133-494c-b426-c39ea43a9c47&#8243; form_field_background_color=\u00bb#FFFFFF\u00bb title_level=\u00bbh2&#8243; title_text_align=\u00bbcenter\u00bb title_font_size=\u00bb20px\u00bb custom_button=\u00bbon\u00bb button_text_color=\u00bb#000000&#8243; button_bg_color=\u00bb#FEE63A\u00bb button_border_width=\u00bb0px\u00bb button_font=\u00bbLato|700|||||||\u00bb custom_padding=\u00bb|20px||20px|true|true\u00bb border_radii=\u00bbon|6px|6px|6px|6px\u00bb global_colors_info=\u00bb{}\u00bb][et_pb_contact_field field_id=\u00bbNombre\u00bb field_title=\u00bbNombre\u00bb _builder_version=\u00bb4.27.4&#8243; global_colors_info=\u00bb{}\u00bb button_text_size__hover_enabled=\u00bboff\u00bb button_one_text_size__hover_enabled=\u00bboff\u00bb button_two_text_size__hover_enabled=\u00bboff\u00bb button_text_color__hover_enabled=\u00bboff\u00bb button_one_text_color__hover_enabled=\u00bboff\u00bb button_two_text_color__hover_enabled=\u00bboff\u00bb button_border_width__hover_enabled=\u00bboff\u00bb button_one_border_width__hover_enabled=\u00bboff\u00bb button_two_border_width__hover_enabled=\u00bboff\u00bb button_border_color__hover_enabled=\u00bboff\u00bb button_one_border_color__hover_enabled=\u00bboff\u00bb button_two_border_color__hover_enabled=\u00bboff\u00bb button_border_radius__hover_enabled=\u00bboff\u00bb button_one_border_radius__hover_enabled=\u00bboff\u00bb button_two_border_radius__hover_enabled=\u00bboff\u00bb button_letter_spacing__hover_enabled=\u00bboff\u00bb button_one_letter_spacing__hover_enabled=\u00bboff\u00bb button_two_letter_spacing__hover_enabled=\u00bboff\u00bb button_bg_color__hover_enabled=\u00bboff\u00bb button_one_bg_color__hover_enabled=\u00bboff\u00bb button_two_bg_color__hover_enabled=\u00bboff\u00bb][\/et_pb_contact_field][et_pb_contact_field field_id=\u00bbEmail\u00bb field_title=\u00bbEmail\u00bb field_type=\u00bbemail\u00bb _builder_version=\u00bb4.27.4&#8243; global_colors_info=\u00bb{}\u00bb button_text_size__hover_enabled=\u00bboff\u00bb button_one_text_size__hover_enabled=\u00bboff\u00bb button_two_text_size__hover_enabled=\u00bboff\u00bb button_text_color__hover_enabled=\u00bboff\u00bb button_one_text_color__hover_enabled=\u00bboff\u00bb button_two_text_color__hover_enabled=\u00bboff\u00bb button_border_width__hover_enabled=\u00bboff\u00bb button_one_border_width__hover_enabled=\u00bboff\u00bb button_two_border_width__hover_enabled=\u00bboff\u00bb button_border_color__hover_enabled=\u00bboff\u00bb button_one_border_color__hover_enabled=\u00bboff\u00bb button_two_border_color__hover_enabled=\u00bboff\u00bb button_border_radius__hover_enabled=\u00bboff\u00bb button_one_border_radius__hover_enabled=\u00bboff\u00bb button_two_border_radius__hover_enabled=\u00bboff\u00bb button_letter_spacing__hover_enabled=\u00bboff\u00bb button_one_letter_spacing__hover_enabled=\u00bboff\u00bb button_two_letter_spacing__hover_enabled=\u00bboff\u00bb button_bg_color__hover_enabled=\u00bboff\u00bb button_one_bg_color__hover_enabled=\u00bboff\u00bb button_two_bg_color__hover_enabled=\u00bboff\u00bb][\/et_pb_contact_field][et_pb_contact_field field_id=\u00bbTelephone\u00bb field_title=\u00bbTel\u00e9fono \u00bb fullwidth_field=\u00bbon\u00bb _builder_version=\u00bb4.27.4&#8243; _module_preset=\u00bbdefault\u00bb global_colors_info=\u00bb{}\u00bb][\/et_pb_contact_field][et_pb_contact_field field_id=\u00bbMessage\u00bb field_title=\u00bbMensaje\u00bb field_type=\u00bbtext\u00bb fullwidth_field=\u00bbon\u00bb _builder_version=\u00bb4.27.4&#8243; global_colors_info=\u00bb{}\u00bb button_text_size__hover_enabled=\u00bboff\u00bb button_one_text_size__hover_enabled=\u00bboff\u00bb button_two_text_size__hover_enabled=\u00bboff\u00bb button_text_color__hover_enabled=\u00bboff\u00bb button_one_text_color__hover_enabled=\u00bboff\u00bb button_two_text_color__hover_enabled=\u00bboff\u00bb button_border_width__hover_enabled=\u00bboff\u00bb button_one_border_width__hover_enabled=\u00bboff\u00bb button_two_border_width__hover_enabled=\u00bboff\u00bb button_border_color__hover_enabled=\u00bboff\u00bb button_one_border_color__hover_enabled=\u00bboff\u00bb button_two_border_color__hover_enabled=\u00bboff\u00bb button_border_radius__hover_enabled=\u00bboff\u00bb button_one_border_radius__hover_enabled=\u00bboff\u00bb button_two_border_radius__hover_enabled=\u00bboff\u00bb button_letter_spacing__hover_enabled=\u00bboff\u00bb button_one_letter_spacing__hover_enabled=\u00bboff\u00bb button_two_letter_spacing__hover_enabled=\u00bboff\u00bb button_bg_color__hover_enabled=\u00bboff\u00bb button_one_bg_color__hover_enabled=\u00bboff\u00bb button_two_bg_color__hover_enabled=\u00bboff\u00bb][\/et_pb_contact_field][\/et_pb_contact_form][et_pb_text _builder_version=\u00bb4.27.4&#8243; _module_preset=\u00bbdefault\u00bb text_text_color=\u00bb#FFFFFF\u00bb width=\u00bb90%\u00bb module_alignment=\u00bbcenter\u00bb global_colors_info=\u00bb{}\u00bb]<\/p>\n<p style=\"text-align: left;\"><span>Los resultados pueden variar dependiendo de sus hechos particulares y circunstancias legales.<\/span><\/p>\n<p>[\/et_pb_text][\/et_pb_column][\/et_pb_row][\/et_pb_section][et_pb_section fb_built=\u00bb1&#8243; _builder_version=\u00bb4.27.4&#8243; _module_preset=\u00bbdefault\u00bb global_colors_info=\u00bb{}\u00bb][et_pb_row _builder_version=\u00bb4.27.4&#8243; _module_preset=\u00bbdefault\u00bb global_colors_info=\u00bb{}\u00bb][et_pb_column type=\u00bb4_4&#8243; _builder_version=\u00bb4.27.4&#8243; _module_preset=\u00bbdefault\u00bb global_colors_info=\u00bb{}\u00bb][et_pb_text _builder_version=\u00bb4.27.5&#8243; _module_preset=\u00bbdefault\u00bb global_colors_info=\u00bb{}\u00bb]<\/p>\n<div style=\"font-family: 'Poppins', sans-serif; color: #333; line-height: 1.8; background-color: #ffffff; padding: 20px; box-sizing: border-box;\">\n<h2 style=\"color: #1e304f; font-weight: 800; font-size: clamp(28px, 5vw, 38px); line-height: 1.2; margin-bottom: 20px;\">\n        Servicios Legales en Orange County<br \/>\n        <span style=\"display: block; font-size: clamp(20px, 4vw, 24px); color: #ffb400; font-weight: 600; margin-top: 10px;\">Su Abogado Hispano en el Coraz\u00f3n de Florida Central<\/span><br \/>\n    <\/h2>\n<p style=\"font-size: 18px; margin-bottom: 30px;\">\n        Vivir en <strong>Orange County<\/strong> tiene sus retos \u00fanicos. Desde el tr\u00e1fico peligroso en la <strong>I-4<\/strong> y la Colonial Drive hasta el creciente costo de vida que ahoga a las familias trabajadoras en Orlando, Apopka y Winter Garden. Cuando los problemas legales golpean, usted no necesita una firma gigante de televisi\u00f3n que lo trate como un n\u00famero; necesita un abogado local que entienda a nuestra comunidad hispana.\n    <\/p>\n<p style=\"font-size: 18px; margin-bottom: 30px;\">\n        En <strong>Juan Burgos Law<\/strong>, combinamos la experiencia en leyes federales y estatales con un trato personal y directo. Ya sea que est\u00e9 luchando contra compa\u00f1\u00edas de seguros despu\u00e9s de un accidente o buscando una salida a sus deudas, estamos aqu\u00ed para proteger sus derechos en todo el condado.\n    <\/p>\n<hr style=\"border-top: 2px solid #ffb400; width: 50%; margin: 30px auto;\" \/>\n<h2 style=\"color: #1e304f; font-weight: bold; text-align: center; margin-bottom: 40px;\">Nuestras \u00c1reas de Pr\u00e1ctica en Orange County<\/h2>\n<div style=\"display: flex; flex-wrap: wrap; gap: 30px; justify-content: center; margin-bottom: 50px;\">\n<div style=\"flex: 1; min-width: 300px; background: #f9fbfd; padding: 30px; border-radius: 12px; border-top: 5px solid #1e304f; box-shadow: 0 5px 15px rgba(0,0,0,0.05); box-sizing: border-box;\">\n<h3 style=\"color: #1e304f; margin-top: 0; font-size: 24px;\">\ud83d\udcc9 Bancarrota y Deudas<\/h3>\n<p style=\"margin-bottom: 20px;\">La inflaci\u00f3n en Orlando ha llevado a muchas familias al l\u00edmite. Si enfrenta embargos de salario o riesgo de perder su casa, la ley federal le protege con el Cap\u00edtulo 7 o 13.<\/p>\n<p>            <a href=\"https:\/\/juanburgoslaw.com\/es\/bancarrota\/orange-county\/\" style=\"color: #d32f2f; font-weight: bold; text-decoration: none;\">Ver Servicios de Bancarrota \u2192<\/a>\n        <\/div>\n<div style=\"flex: 1; min-width: 300px; background: #f9fbfd; padding: 30px; border-radius: 12px; border-top: 5px solid #ffb400; box-shadow: 0 5px 15px rgba(0,0,0,0.05); box-sizing: border-box;\">\n<h3 style=\"color: #1e304f; margin-top: 0; font-size: 24px;\">\ud83d\ude97 Accidentes de Auto<\/h3>\n<p style=\"margin-bottom: 20px;\">Las carreteras de Orange County son peligrosas. Si se lesion\u00f3 en la I-4, la 408 o la Turnpike, las aseguradoras intentar\u00e1n pagarle lo menos posible. Nosotros luchamos por la compensaci\u00f3n completa.<\/p>\n<p>            <a href=\"https:\/\/juanburgoslaw.com\/es\/auto\/orange-county\/\" style=\"color: #d32f2f; font-weight: bold; text-decoration: none;\">Ver Servicios de Auto \u2192<\/a>\n        <\/div>\n<div style=\"flex: 1; min-width: 300px; background: #f9fbfd; padding: 30px; border-radius: 12px; border-top: 5px solid #1e304f; box-shadow: 0 5px 15px rgba(0,0,0,0.05); box-sizing: border-box;\">\n<h3 style=\"color: #1e304f; margin-top: 0; font-size: 24px;\">\ud83d\ude9b Accidentes de Cami\u00f3n<\/h3>\n<p style=\"margin-bottom: 20px;\">El tr\u00e1fico comercial en Florida Central es incesante. Los choques con camiones de 18 ruedas requieren una estrategia legal agresiva contra grandes corporaciones.<\/p>\n<p>            <a href=\"https:\/\/juanburgoslaw.com\/es\/camion\/orange-county\/\" style=\"color: #d32f2f; font-weight: bold; text-decoration: none;\">Ver Servicios de Camiones \u2192<\/a>\n        <\/div>\n<div style=\"flex: 1; min-width: 300px; background: #f9fbfd; padding: 30px; border-radius: 12px; border-top: 5px solid #ffb400; box-shadow: 0 5px 15px rgba(0,0,0,0.05); box-sizing: border-box;\">\n<h3 style=\"color: #1e304f; margin-top: 0; font-size: 24px;\">\ud83c\udfcd\ufe0f Accidentes de Moto<\/h3>\n<p style=\"margin-bottom: 20px;\">Los motociclistas en Orlando enfrentan riesgos diarios por conductores distra\u00eddos. Protegemos sus derechos y luchamos contra el prejuicio de las aseguradoras.<\/p>\n<p>            <a href=\"https:\/\/juanburgoslaw.com\/es\/motocicleta\/orange-county\/\" style=\"color: #d32f2f; font-weight: bold; text-decoration: none;\">Ver Servicios de Motocicleta \u2192<\/a>\n        <\/div>\n<\/p><\/div>\n<div style=\"background-color: #1e304f; color: white; padding: 40px; border-radius: 12px; margin-bottom: 50px;\">\n<h2 style=\"color: white; margin-top: 0; margin-bottom: 30px;\">\u00bfPor Qu\u00e9 Elegir a Juan Burgos Law?<\/h2>\n<div style=\"display: flex; flex-wrap: wrap; gap: 20px;\">\n<div style=\"flex: 1; min-width: 250px;\">\n<h4 style=\"color: #ffb400; font-size: 20px; margin-bottom: 10px;\">1. Hablamos su Idioma<\/h4>\n<p style=\"font-size: 15px; margin: 0; opacity: 0.9;\">Sin traductores ni barreras. Usted habla directamente con un equipo legal que entiende su cultura y sus preocupaciones.<\/p>\n<\/p><\/div>\n<div style=\"flex: 1; min-width: 250px;\">\n<h4 style=\"color: #ffb400; font-size: 20px; margin-bottom: 10px;\">2. Conocimiento Local<\/h4>\n<p style=\"font-size: 15px; margin: 0; opacity: 0.9;\">Conocemos a los jueces, los tribunales locales y las t\u00e1cticas de las aseguradoras que operan en Florida Central.<\/p>\n<\/p><\/div>\n<div style=\"flex: 1; min-width: 250px;\">\n<h4 style=\"color: #ffb400; font-size: 20px; margin-bottom: 10px;\">3. Consultas Honestas<\/h4>\n<p style=\"font-size: 15px; margin: 0; opacity: 0.9;\">No tomamos casos que no podemos ganar, ni le recomendamos la bancarrota si no es su mejor opci\u00f3n. Claridad ante todo.<\/p>\n<\/p><\/div>\n<\/p><\/div>\n<\/p><\/div>\n<h2 style=\"color: #1e304f; font-weight: bold; margin-bottom: 20px;\">Preguntas Frecuentes<\/h2>\n<details style=\"margin-bottom: 15px; border-bottom: 1px solid #eee; padding-bottom: 15px;\">\n<summary style=\"font-weight: bold; cursor: pointer; color: #333; font-size: 18px;\">\u00bfD\u00f3nde est\u00e1n ubicadas sus oficinas?<\/summary>\n<p style=\"margin-top: 10px; color: #555;\">Servimos a todo Orange County y Florida Central. Ofrecemos la flexibilidad de citas virtuales (por video o tel\u00e9fono) para que no tenga que lidiar con el tr\u00e1fico si no lo desea, o citas presenciales seg\u00fan sea necesario.<\/p>\n<\/details>\n<details style=\"margin-bottom: 15px; border-bottom: 1px solid #eee; padding-bottom: 15px;\">\n<summary style=\"font-weight: bold; cursor: pointer; color: #333; font-size: 18px;\">\u00bfCu\u00e1nto cuesta la consulta inicial?<\/summary>\n<p style=\"margin-top: 10px; color: #555;\">Nuestras consultas para casos de bancarrota y accidentes son <strong>100% gratuitas<\/strong> y confidenciales. Evaluamos su situaci\u00f3n sin costo alguno para usted y le explicamos sus opciones claramente.<\/p>\n<\/details>\n<div style=\"background: linear-gradient(135deg, #1e304f 0%, #2a456e 100%); color: white; padding: 40px; border-radius: 16px; text-align: center; margin-top: 50px; box-shadow: 0 15px 40px rgba(30, 48, 79, 0.2);\">\n<h2 style=\"color: white; margin-bottom: 10px;\">\u00bfProblemas Legales en Orange County?<\/h2>\n<p style=\"color: #aab8c9; font-size: 18px; margin-bottom: 30px;\">No enfrente al sistema solo. Obtenga la defensa que merece.<\/p>\n<p>        <a href=\"tel:4075054190\" style=\"display: inline-block; background-color: #ffb400; color: #1e304f; padding: 15px 40px; border-radius: 50px; font-weight: 800; text-decoration: none; font-size: 20px; box-shadow: 0 5px 15px rgba(255, 180, 0, 0.3);\"><br \/>\n            Consulta Gratis: (407) 505-4190<br \/>\n        <\/a>\n    <\/div>\n<\/div>\n<p>[\/et_pb_text][\/et_pb_column][\/et_pb_row][\/et_pb_section][et_pb_section fb_built=\u00bb1&#8243; disabled_on=\u00bbon|on|off\u00bb module_class=\u00bbpac-dtocm-exclude\u00bb _builder_version=\u00bb4.27.5&#8243; _module_preset=\u00bbdefault\u00bb disabled=\u00bbon\u00bb global_module=\u00bb4704&#8243; saved_tabs=\u00bball\u00bb global_colors_info=\u00bb{}\u00bb][et_pb_row column_structure=\u00bb1_4,1_4,1_4,1_4&#8243; _builder_version=\u00bb4.27.2&#8243; _module_preset=\u00bbdefault\u00bb global_colors_info=\u00bb{}\u00bb][et_pb_column type=\u00bb1_4&#8243; _builder_version=\u00bb4.26.0&#8243; _module_preset=\u00bbdefault\u00bb global_colors_info=\u00bb{}\u00bb][et_pb_icon font_icon=\u00bb&#xf5e1;||fa||900&#8243; icon_color=\u00bb#E02B20&#8243; icon_width=\u00bb75px\u00bb url=\u00bb@ET-DC@eyJkeW5hbWljIjp0cnVlLCJjb250ZW50IjoicG9zdF9saW5rX3VybF9wYWdlIiwic2V0dGluZ3MiOnsicG9zdF9pZCI6IjE1In19@\u00bb icon_width_tablet=\u00bb65px\u00bb icon_width_phone=\u00bb55px\u00bb icon_width_last_edited=\u00bbon|phone\u00bb _builder_version=\u00bb4.27.0&#8243; _dynamic_attributes=\u00bburl\u00bb _module_preset=\u00bbdefault\u00bb global_colors_info=\u00bb{}\u00bb][\/et_pb_icon][et_pb_text _builder_version=\u00bb4.27.0&#8243; _dynamic_attributes=\u00bblink_option_url\u00bb _module_preset=\u00bbdefault\u00bb link_option_url=\u00bb@ET-DC@eyJkeW5hbWljIjp0cnVlLCJjb250ZW50IjoicG9zdF9saW5rX3VybF9wYWdlIiwic2V0dGluZ3MiOnsicG9zdF9pZCI6IjE1In19@\u00bb text_font_size_tablet=\u00bb\u00bb text_font_size_phone=\u00bb\u00bb text_font_size_last_edited=\u00bbon|phone\u00bb global_colors_info=\u00bb{}\u00bb]<\/p>\n<h3 style=\"text-align: center;\">Accidentes de Auto<\/h3>\n<p>[\/et_pb_text][\/et_pb_column][et_pb_column type=\u00bb1_4&#8243; _builder_version=\u00bb4.26.0&#8243; _module_preset=\u00bbdefault\u00bb global_colors_info=\u00bb{}\u00bb][et_pb_icon font_icon=\u00bb&#xf4df;||fa||900&#8243; icon_color=\u00bb#E02B20&#8243; icon_width=\u00bb75px\u00bb url=\u00bb@ET-DC@eyJkeW5hbWljIjp0cnVlLCJjb250ZW50IjoicG9zdF9saW5rX3VybF9wYWdlIiwic2V0dGluZ3MiOnsicG9zdF9pZCI6IjE3In19@\u00bb icon_width_tablet=\u00bb65px\u00bb icon_width_phone=\u00bb55px\u00bb icon_width_last_edited=\u00bbon|phone\u00bb _builder_version=\u00bb4.27.0&#8243; _dynamic_attributes=\u00bburl\u00bb _module_preset=\u00bbdefault\u00bb global_colors_info=\u00bb{}\u00bb][\/et_pb_icon][et_pb_text _builder_version=\u00bb4.27.0&#8243; _dynamic_attributes=\u00bblink_option_url\u00bb _module_preset=\u00bbdefault\u00bb link_option_url=\u00bb@ET-DC@eyJkeW5hbWljIjp0cnVlLCJjb250ZW50IjoicG9zdF9saW5rX3VybF9wYWdlIiwic2V0dGluZ3MiOnsicG9zdF9pZCI6IjE3In19@\u00bb global_colors_info=\u00bb{}\u00bb]<\/p>\n<h3 style=\"text-align: center;\">Accidentes de Camiones<\/h3>\n<p>[\/et_pb_text][\/et_pb_column][et_pb_column type=\u00bb1_4&#8243; _builder_version=\u00bb4.26.0&#8243; _module_preset=\u00bbdefault\u00bb global_colors_info=\u00bb{}\u00bb][et_pb_icon font_icon=\u00bb&#xf21c;||fa||900&#8243; icon_color=\u00bb#E02B20&#8243; icon_width=\u00bb75px\u00bb url=\u00bb@ET-DC@eyJkeW5hbWljIjp0cnVlLCJjb250ZW50IjoicG9zdF9saW5rX3VybF9wYWdlIiwic2V0dGluZ3MiOnsicG9zdF9pZCI6IjE5In19@\u00bb icon_width_tablet=\u00bb65px\u00bb icon_width_phone=\u00bb55px\u00bb icon_width_last_edited=\u00bbon|phone\u00bb _builder_version=\u00bb4.27.0&#8243; _dynamic_attributes=\u00bburl\u00bb _module_preset=\u00bbdefault\u00bb global_colors_info=\u00bb{}\u00bb][\/et_pb_icon][et_pb_text _builder_version=\u00bb4.27.0&#8243; _module_preset=\u00bbdefault\u00bb global_colors_info=\u00bb{}\u00bb]<\/p>\n<h3 style=\"text-align: center;\">Accidentes de Moto<\/h3>\n<p>[\/et_pb_text][\/et_pb_column][et_pb_column type=\u00bb1_4&#8243; _builder_version=\u00bb4.26.0&#8243; _module_preset=\u00bbdefault\u00bb global_colors_info=\u00bb{}\u00bb][et_pb_icon font_icon=\u00bb&#xf4e8;||fa||400&#8243; icon_color=\u00bb#E02B20&#8243; icon_width=\u00bb75px\u00bb url=\u00bb@ET-DC@eyJkeW5hbWljIjp0cnVlLCJjb250ZW50IjoicG9zdF9saW5rX3VybF9wYWdlIiwic2V0dGluZ3MiOnsicG9zdF9pZCI6IjIzIn19@\u00bb icon_width_tablet=\u00bb65px\u00bb icon_width_phone=\u00bb55px\u00bb icon_width_last_edited=\u00bbon|phone\u00bb _builder_version=\u00bb4.27.0&#8243; _dynamic_attributes=\u00bburl\u00bb _module_preset=\u00bbdefault\u00bb global_colors_info=\u00bb{}\u00bb][\/et_pb_icon][et_pb_text _builder_version=\u00bb4.27.0&#8243; _module_preset=\u00bbdefault\u00bb global_colors_info=\u00bb{}\u00bb]<\/p>\n<h3 style=\"text-align: center;\">Bancarrotas<\/h3>\n<p>[\/et_pb_text][\/et_pb_column][\/et_pb_row][\/et_pb_section]<\/p>\n","protected":false},"excerpt":{"rendered":"<p>Luchando por tus derechos Abogado Juan Burgos Bancarrotas | Accidentes\u00a1Solicite hoy su consulta gratis!Los resultados pueden variar dependiendo de sus hechos particulares y circunstancias legales. Servicios Legales en Orange County Su Abogado Hispano en el Coraz\u00f3n de Florida Central Vivir en Orange County tiene sus retos \u00fanicos. Desde el tr\u00e1fico peligroso en la I-4 y [&hellip;]<\/p>\n","protected":false},"author":1,"featured_media":0,"parent":0,"menu_order":15,"comment_status":"closed","ping_status":"closed","template":"","meta":{"_acf_changed":false,"_et_pb_use_builder":"on","_et_pb_old_content":"","_et_gb_content_width":"","_lmt_disableupdate":"no","_lmt_disable":"","footnotes":""},"class_list":["post-4957","page","type-page","status-publish","hentry"],"acf":[],"_links":{"self":[{"href":"https:\/\/juanburgoslaw.com\/es\/wp-json\/wp\/v2\/pages\/4957","targetHints":{"allow":["GET"]}}],"collection":[{"href":"https:\/\/juanburgoslaw.com\/es\/wp-json\/wp\/v2\/pages"}],"about":[{"href":"https:\/\/juanburgoslaw.com\/es\/wp-json\/wp\/v2\/types\/page"}],"author":[{"embeddable":true,"href":"https:\/\/juanburgoslaw.com\/es\/wp-json\/wp\/v2\/users\/1"}],"replies":[{"embeddable":true,"href":"https:\/\/juanburgoslaw.com\/es\/wp-json\/wp\/v2\/comments?post=4957"}],"version-history":[{"count":0,"href":"https:\/\/juanburgoslaw.com\/es\/wp-json\/wp\/v2\/pages\/4957\/revisions"}],"wp:attachment":[{"href":"https:\/\/juanburgoslaw.com\/es\/wp-json\/wp\/v2\/media?parent=4957"}],"curies":[{"name":"wp","href":"https:\/\/api.w.org\/{rel}","templated":true}]}}