{"id":210,"date":"2024-10-15T17:47:03","date_gmt":"2024-10-15T17:47:03","guid":{"rendered":"https:\/\/juanburgoslaw.com\/pt-br\/?page_id=210"},"modified":"2026-04-06T14:14:25","modified_gmt":"2026-04-06T14:14:25","slug":"quem-somos","status":"publish","type":"page","link":"https:\/\/juanburgoslaw.com\/pt-br\/quem-somos\/","title":{"rendered":"Quem Somos"},"content":{"rendered":"<p>[et_pb_section fb_built=&#8221;1&#8243; admin_label=&#8221;Header&#8221; _builder_version=&#8221;4.27.4&#8243; _module_preset=&#8221;default&#8221; background_last_edited=&#8221;on|tablet&#8221; use_background_color_gradient_tablet=&#8221;on&#8221; background_color_gradient_direction_tablet=&#8221;180deg&#8221; background_color_gradient_stops_tablet=&#8221;rgba(255,255,255,0) 75%|gcid-a674551e-c023-4666-82b8-b7448e713885 75%&#8221; collapsed=&#8221;on&#8221; global_colors_info=&#8221;{%22gcid-a674551e-c023-4666-82b8-b7448e713885%22:%91%22background_color_gradient_stops%22%93}&#8221;][et_pb_row column_structure=&#8221;1_2,1_2&#8243; make_equal=&#8221;on&#8221; _builder_version=&#8221;4.27.0&#8243; _module_preset=&#8221;default&#8221; max_width=&#8221;1280px&#8221; global_colors_info=&#8221;{}&#8221;][et_pb_column type=&#8221;1_2&#8243; _builder_version=&#8221;4.25.0&#8243; _module_preset=&#8221;default&#8221; custom_padding=&#8221;|60px|||false|false&#8221; custom_padding_tablet=&#8221;|0px|||false|false&#8221; custom_padding_phone=&#8221;&#8221; custom_padding_last_edited=&#8221;on|desktop&#8221; global_colors_info=&#8221;{}&#8221;][et_pb_heading title=&#8221;Advogado&#8221; _builder_version=&#8221;4.27.2&#8243; _module_preset=&#8221;_initial&#8221; title_level=&#8221;h6&#8243; title_font=&#8221;Poppins|600|||||||&#8221; title_font_size=&#8221;16px&#8221; title_letter_spacing=&#8221;-0.03em&#8221; title_line_height=&#8221;1.4em&#8221; custom_margin=&#8221;||10px||false|false&#8221; title_font_size_tablet=&#8221;15px&#8221; title_font_size_phone=&#8221;14px&#8221; title_font_size_last_edited=&#8221;on|desktop&#8221; locked=&#8221;off&#8221; global_colors_info=&#8221;{}&#8221;][\/et_pb_heading][et_pb_heading title=&#8221;Juan C. Burgos, Esq. | Florida Bankruptcy &#038; Accident Attorney | FAMU JD | Florida Bar #84056&#8243; _builder_version=&#8221;4.27.6&#8243; _module_preset=&#8221;_initial&#8221; title_font=&#8221;Poppins|500|||||||&#8221; title_letter_spacing=&#8221;-0.05em&#8221; custom_margin=&#8221;||10px||false|false&#8221; title_font_size_tablet=&#8221;40px&#8221; title_font_size_phone=&#8221;24px&#8221; title_font_size_last_edited=&#8221;on|desktop&#8221; locked=&#8221;off&#8221; global_colors_info=&#8221;{}&#8221;][\/et_pb_heading][et_pb_text quote_border_color=&#8221;#16264a&#8221; _builder_version=&#8221;4.27.2&#8243; _module_preset=&#8221;_initial&#8221; text_font_size=&#8221;16px&#8221; text_line_height=&#8221;1.75em&#8221; link_font=&#8221;||||on||||&#8221; link_text_color=&#8221;#16264a&#8221; quote_font=&#8221;Poppins|600|||||||&#8221; quote_text_color=&#8221;#000000&#8243; quote_font_size=&#8221;24px&#8221; quote_letter_spacing=&#8221;-0.04em&#8221; quote_line_height=&#8221;1.6em&#8221; header_font=&#8221;Poppins|500|||||||&#8221; header_font_size=&#8221;72px&#8221; header_letter_spacing=&#8221;-0.05em&#8221; header_line_height=&#8221;1.2em&#8221; header_2_font=&#8221;Poppins|500|||||||&#8221; header_2_font_size=&#8221;52px&#8221; header_2_letter_spacing=&#8221;-0.05em&#8221; header_2_line_height=&#8221;1.2em&#8221; header_3_font=&#8221;Poppins|500|||||||&#8221; header_3_font_size=&#8221;36px&#8221; header_3_letter_spacing=&#8221;-0.05em&#8221; header_3_line_height=&#8221;1.2em&#8221; header_4_font=&#8221;Poppins|600|||||||&#8221; header_4_font_size=&#8221;24px&#8221; header_4_letter_spacing=&#8221;-0.04em&#8221; header_4_line_height=&#8221;1.6em&#8221; header_5_font=&#8221;Poppins|600|||||||&#8221; header_5_font_size=&#8221;20px&#8221; header_5_letter_spacing=&#8221;-0.04em&#8221; header_5_line_height=&#8221;1.4em&#8221; header_6_font=&#8221;Poppins|600|||||||&#8221; header_6_font_size=&#8221;16px&#8221; header_6_letter_spacing=&#8221;-0.03em&#8221; header_6_line_height=&#8221;1.4em&#8221; text_font_size_tablet=&#8221;15px&#8221; text_font_size_phone=&#8221;14px&#8221; text_font_size_last_edited=&#8221;on|desktop&#8221; quote_font_size_tablet=&#8221;16px&#8221; quote_font_size_phone=&#8221;15px&#8221; quote_font_size_last_edited=&#8221;on|desktop&#8221; header_font_size_tablet=&#8221;40px&#8221; header_font_size_phone=&#8221;24px&#8221; header_font_size_last_edited=&#8221;on|desktop&#8221; header_2_font_size_tablet=&#8221;32px&#8221; header_2_font_size_phone=&#8221;20px&#8221; header_2_font_size_last_edited=&#8221;on|desktop&#8221; header_3_font_size_tablet=&#8221;20px&#8221; header_3_font_size_phone=&#8221;16px&#8221; header_3_font_size_last_edited=&#8221;on|desktop&#8221; header_4_font_size_tablet=&#8221;16px&#8221; header_4_font_size_phone=&#8221;15px&#8221; header_4_font_size_last_edited=&#8221;on|desktop&#8221; header_5_font_size_tablet=&#8221;16px&#8221; header_5_font_size_phone=&#8221;14px&#8221; header_5_font_size_last_edited=&#8221;on|desktop&#8221; header_6_font_size_tablet=&#8221;15px&#8221; header_6_font_size_phone=&#8221;14px&#8221; header_6_font_size_last_edited=&#8221;on|desktop&#8221; locked=&#8221;off&#8221; global_colors_info=&#8221;{}&#8221;]<\/p>\n<p><span>Na Juan C. Burgos Advogacia, nos concentramos em fornecer representa\u00e7\u00e3o jur\u00eddica eficaz e acess\u00edvel para nossos clientes. Entendemos que enfrentar quest\u00f5es legais pode ser estressante, por isso nos dedicamos a gui\u00e1-los com clareza e compaix\u00e3o a cada passo do caminho. Descubra mais sobre nosso abordagem personalizada e como podemos ajud\u00e1-lo a alcan\u00e7ar os melhores resultados poss\u00edveis.<\/span><\/p>\n<p>[\/et_pb_text][\/et_pb_column][et_pb_column type=&#8221;1_2&#8243; _builder_version=&#8221;4.27.0&#8243; _module_preset=&#8221;default&#8221; custom_padding=&#8221;20px||20px||true|false&#8221; custom_padding_tablet=&#8221;0px||0px||true|false&#8221; custom_padding_phone=&#8221;0px||0px||true|false&#8221; custom_padding_last_edited=&#8221;on|desktop&#8221; global_colors_info=&#8221;{}&#8221;][et_pb_image src=&#8221;https:\/\/juanburgoslaw.com\/pt-br\/wp-content\/uploads\/sites\/4\/2025\/12\/Juan-Burgos-Violet-Tie.avif&#8221; alt=&#8221;Juan Burgos&#8221; title_text=&#8221;Juan Burgos&#8221; _builder_version=&#8221;4.27.4&#8243; _module_preset=&#8221;default&#8221; width=&#8221;90%&#8221; module_alignment=&#8221;center&#8221; module_alignment_tablet=&#8221;left&#8221; module_alignment_phone=&#8221;left&#8221; module_alignment_last_edited=&#8221;on|tablet&#8221; border_radii=&#8221;on|6px|6px|6px|6px&#8221; global_colors_info=&#8221;{}&#8221;][\/et_pb_image][\/et_pb_column][\/et_pb_row][\/et_pb_section][et_pb_section fb_built=&#8221;1&#8243; admin_label=&#8221;About&#8221; _builder_version=&#8221;4.25.0&#8243; _module_preset=&#8221;default&#8221; collapsed=&#8221;on&#8221; global_colors_info=&#8221;{}&#8221;][et_pb_row _builder_version=&#8221;4.25.0&#8243; _module_preset=&#8221;default&#8221; max_width=&#8221;1280px&#8221; locked=&#8221;off&#8221; global_colors_info=&#8221;{}&#8221;][et_pb_column type=&#8221;4_4&#8243; _builder_version=&#8221;4.25.0&#8243; _module_preset=&#8221;default&#8221; global_colors_info=&#8221;{}&#8221;][et_pb_heading title=&#8221;Sobre o Advogado Juan Burgos&#8221; _builder_version=&#8221;4.27.5&#8243; _module_preset=&#8221;_initial&#8221; title_level=&#8221;h2&#8243; title_font=&#8221;Poppins|500|||||||&#8221; title_font_size=&#8221;52px&#8221; title_letter_spacing=&#8221;-0.05em&#8221; title_line_height=&#8221;1.2em&#8221; title_font_size_tablet=&#8221;32px&#8221; title_font_size_phone=&#8221;20px&#8221; title_font_size_last_edited=&#8221;on|desktop&#8221; global_colors_info=&#8221;{}&#8221;][\/et_pb_heading][\/et_pb_column][\/et_pb_row][et_pb_row column_structure=&#8221;1_2,1_2&#8243; _builder_version=&#8221;4.25.0&#8243; _module_preset=&#8221;default&#8221; max_width=&#8221;1280px&#8221; global_colors_info=&#8221;{}&#8221;][et_pb_column type=&#8221;1_2&#8243; _builder_version=&#8221;4.25.0&#8243; _module_preset=&#8221;default&#8221; global_colors_info=&#8221;{}&#8221;][et_pb_text quote_border_color=&#8221;#16264a&#8221; _builder_version=&#8221;4.27.2&#8243; _module_preset=&#8221;_initial&#8221; text_font_size=&#8221;16px&#8221; text_line_height=&#8221;1.75em&#8221; link_font=&#8221;||||on||||&#8221; link_text_color=&#8221;#16264a&#8221; quote_font=&#8221;Poppins|600|||||||&#8221; quote_text_color=&#8221;#000000&#8243; quote_font_size=&#8221;24px&#8221; quote_letter_spacing=&#8221;-0.04em&#8221; quote_line_height=&#8221;1.6em&#8221; header_font=&#8221;Poppins|500|||||||&#8221; header_font_size=&#8221;72px&#8221; header_letter_spacing=&#8221;-0.05em&#8221; header_line_height=&#8221;1.2em&#8221; header_2_font=&#8221;Poppins|500|||||||&#8221; header_2_font_size=&#8221;52px&#8221; header_2_letter_spacing=&#8221;-0.05em&#8221; header_2_line_height=&#8221;1.2em&#8221; header_3_font=&#8221;Poppins|500|||||||&#8221; header_3_font_size=&#8221;36px&#8221; header_3_letter_spacing=&#8221;-0.05em&#8221; header_3_line_height=&#8221;1.2em&#8221; header_4_font=&#8221;Poppins|600|||||||&#8221; header_4_font_size=&#8221;24px&#8221; header_4_letter_spacing=&#8221;-0.04em&#8221; header_4_line_height=&#8221;1.6em&#8221; header_5_font=&#8221;Poppins|600|||||||&#8221; header_5_font_size=&#8221;20px&#8221; header_5_letter_spacing=&#8221;-0.04em&#8221; header_5_line_height=&#8221;1.4em&#8221; header_6_font=&#8221;Poppins|600|||||||&#8221; header_6_font_size=&#8221;16px&#8221; header_6_letter_spacing=&#8221;-0.03em&#8221; header_6_line_height=&#8221;1.4em&#8221; text_font_size_tablet=&#8221;15px&#8221; text_font_size_phone=&#8221;14px&#8221; text_font_size_last_edited=&#8221;on|desktop&#8221; quote_font_size_tablet=&#8221;16px&#8221; quote_font_size_phone=&#8221;15px&#8221; quote_font_size_last_edited=&#8221;on|desktop&#8221; header_font_size_tablet=&#8221;40px&#8221; header_font_size_phone=&#8221;24px&#8221; header_font_size_last_edited=&#8221;on|desktop&#8221; header_2_font_size_tablet=&#8221;32px&#8221; header_2_font_size_phone=&#8221;20px&#8221; header_2_font_size_last_edited=&#8221;on|desktop&#8221; header_3_font_size_tablet=&#8221;20px&#8221; header_3_font_size_phone=&#8221;16px&#8221; header_3_font_size_last_edited=&#8221;on|desktop&#8221; header_4_font_size_tablet=&#8221;16px&#8221; header_4_font_size_phone=&#8221;15px&#8221; header_4_font_size_last_edited=&#8221;on|desktop&#8221; header_5_font_size_tablet=&#8221;16px&#8221; header_5_font_size_phone=&#8221;14px&#8221; header_5_font_size_last_edited=&#8221;on|desktop&#8221; header_6_font_size_tablet=&#8221;15px&#8221; header_6_font_size_phone=&#8221;14px&#8221; header_6_font_size_last_edited=&#8221;on|desktop&#8221; global_colors_info=&#8221;{}&#8221;]<\/p>\n<p><span>No Juan C. Burgos Law Firm, temos como miss\u00e3o oferecer representa\u00e7\u00e3o jur\u00eddica eficaz e acess\u00edvel para nossos clientes. Nossa lideran\u00e7a, Juan Carlos Burgos, \u00e9 uma verdadeira especialista em entender as necessidades de seus clientes.<\/span><\/p>\n<h3>Background<\/h3>\n<p><span>Juan Carlos Burgos nasceu e cresceu em Maracaibo, Venezuela, mas acabou encontrando um novo lar nos Estados Unidos. Ele sempre sonhou em voltar \u00e0 Venezuela para estabelecer sua fam\u00edlia, mas descobriu que havia mais para ele fazer l\u00e1.<\/span><\/p>\n<h3><span>Educa\u00e7\u00e3o<\/span><\/h3>\n<ul>\n<li>Valencia Community College (2003) &#8211; Associate\u2019s degree in Arts<\/li>\n<li>University of Florida (2005) &#8211; Bachelor\u2019s degree in Business Administration<\/li>\n<li>Florida A &amp; M University College of Law (2009) &#8211; Juris Doctor<\/li>\n<\/ul>\n<h3>Florida Bar Association<\/h3>\n<p><a href=\"https:\/\/www.floridabar.org\/mybarprofile\/84056\" target=\"_blank\" rel=\"noopener\" title=\"Juan Carlos Burgos\">Juan Carlos Burgos<\/a><\/p>\n<h3>Kentucky Bar Association<\/h3>\n<p><a href=\"https:\/\/www.kybar.org\/members\/?id=33803161\" title=\"Juan Carlos Burgos\" target=\"_blank\" rel=\"noopener\">Juan Carlos Burgos<\/a><\/p>\n<p>[\/et_pb_text][\/et_pb_column][et_pb_column type=&#8221;1_2&#8243; _builder_version=&#8221;4.25.0&#8243; _module_preset=&#8221;default&#8221; global_colors_info=&#8221;{}&#8221;][et_pb_text quote_border_color=&#8221;#16264a&#8221; _builder_version=&#8221;4.27.6&#8243; _module_preset=&#8221;_initial&#8221; text_font_size=&#8221;16px&#8221; text_line_height=&#8221;1.75em&#8221; link_font=&#8221;||||on||||&#8221; link_text_color=&#8221;#16264a&#8221; quote_font=&#8221;Poppins|600|||||||&#8221; quote_text_color=&#8221;#000000&#8243; quote_font_size=&#8221;24px&#8221; quote_letter_spacing=&#8221;-0.04em&#8221; quote_line_height=&#8221;1.6em&#8221; header_font=&#8221;Poppins|500|||||||&#8221; header_font_size=&#8221;72px&#8221; header_letter_spacing=&#8221;-0.05em&#8221; header_line_height=&#8221;1.2em&#8221; header_2_font=&#8221;Poppins|500|||||||&#8221; header_2_font_size=&#8221;52px&#8221; header_2_letter_spacing=&#8221;-0.05em&#8221; header_2_line_height=&#8221;1.2em&#8221; header_3_font=&#8221;Poppins|500|||||||&#8221; header_3_font_size=&#8221;36px&#8221; header_3_letter_spacing=&#8221;-0.05em&#8221; header_3_line_height=&#8221;1.2em&#8221; header_4_font=&#8221;Poppins|600|||||||&#8221; header_4_font_size=&#8221;24px&#8221; header_4_letter_spacing=&#8221;-0.04em&#8221; header_4_line_height=&#8221;1.6em&#8221; header_5_font=&#8221;Poppins|600|||||||&#8221; header_5_font_size=&#8221;20px&#8221; header_5_letter_spacing=&#8221;-0.04em&#8221; header_5_line_height=&#8221;1.4em&#8221; header_6_font=&#8221;Poppins|600|||||||&#8221; header_6_font_size=&#8221;16px&#8221; header_6_letter_spacing=&#8221;-0.03em&#8221; header_6_line_height=&#8221;1.4em&#8221; text_font_size_tablet=&#8221;15px&#8221; text_font_size_phone=&#8221;14px&#8221; text_font_size_last_edited=&#8221;on|desktop&#8221; quote_font_size_tablet=&#8221;16px&#8221; quote_font_size_phone=&#8221;15px&#8221; quote_font_size_last_edited=&#8221;on|desktop&#8221; header_font_size_tablet=&#8221;40px&#8221; header_font_size_phone=&#8221;24px&#8221; header_font_size_last_edited=&#8221;on|desktop&#8221; header_2_font_size_tablet=&#8221;32px&#8221; header_2_font_size_phone=&#8221;20px&#8221; header_2_font_size_last_edited=&#8221;on|desktop&#8221; header_3_font_size_tablet=&#8221;20px&#8221; header_3_font_size_phone=&#8221;16px&#8221; header_3_font_size_last_edited=&#8221;on|desktop&#8221; header_4_font_size_tablet=&#8221;16px&#8221; header_4_font_size_phone=&#8221;15px&#8221; header_4_font_size_last_edited=&#8221;on|desktop&#8221; header_5_font_size_tablet=&#8221;16px&#8221; header_5_font_size_phone=&#8221;14px&#8221; header_5_font_size_last_edited=&#8221;on|desktop&#8221; header_6_font_size_tablet=&#8221;15px&#8221; header_6_font_size_phone=&#8221;14px&#8221; header_6_font_size_last_edited=&#8221;on|desktop&#8221; locked=&#8221;off&#8221; global_colors_info=&#8221;{}&#8221;]<\/p>\n<p><span>Nossa empresa oferece servi\u00e7os legais em \u00e1reas como:<\/span><\/p>\n<ul>\n<li><a href=\"https:\/\/juanburgoslaw.com\/pt-br\/falencias\/\"><span>Fal\u00eancias<\/span><\/a><\/li>\n<li><a href=\"https:\/\/juanburgoslaw.com\/pt-br\/veiculos-pesados\/\"><span> Acidentes de Caminh\u00e3o<\/span><\/a><\/li>\n<li><a href=\"https:\/\/juanburgoslaw.com\/pt-br\/carro\/\"><span>Acidentes de Carro<\/span><\/a><\/li>\n<li><a href=\"https:\/\/juanburgoslaw.com\/pt-br\/motoqueiro\/\"><span>Acidentes de Motocicleta<\/span><\/a><span><\/span><\/li>\n<\/ul>\n<p><span>Por que nossos clientes nos escolhem A Juan C. Burgos Law Firm se concentra em fornecer representa\u00e7\u00e3o legal eficaz e acess\u00edvel para nossos clientes. Nossa lideran\u00e7a \u00e9 composta por advogados experientes com uma vis\u00e3o clara do que significa ser um cliente e se sentir confort\u00e1vel com um advogado.<\/span><\/p>\n<p>[\/et_pb_text][\/et_pb_column][\/et_pb_row][\/et_pb_section][et_pb_section fb_built=&#8221;1&#8243; module_class=&#8221;pac-dtocm-exclude&#8221; _builder_version=&#8221;4.27.3&#8243; _module_preset=&#8221;default&#8221; background_color=&#8221;#f7f7f7&#8243; custom_padding=&#8221;|30px||30px|false|false&#8221; global_module=&#8221;82&#8243; saved_tabs=&#8221;all&#8221; global_colors_info=&#8221;{}&#8221;][et_pb_row column_structure=&#8221;1_2,1_2&#8243; use_custom_gutter=&#8221;on&#8221; gutter_width=&#8221;1&#8243; _builder_version=&#8221;4.27.5&#8243; _module_preset=&#8221;default&#8221; width=&#8221;100%&#8221; max_width=&#8221;800px&#8221; custom_padding=&#8221;||||false|false&#8221; global_colors_info=&#8221;{}&#8221;][et_pb_column type=&#8221;1_2&#8243; _builder_version=&#8221;4.26.0&#8243; _module_preset=&#8221;default&#8221; global_colors_info=&#8221;{}&#8221;][et_pb_text _builder_version=&#8221;4.27.3&#8243; _module_preset=&#8221;default&#8221; header_2_font=&#8221;|800|||||||&#8221; header_2_text_align=&#8221;center&#8221; header_2_font_size=&#8221;40px&#8221; header_3_font=&#8221;|800|||||||&#8221; header_3_font_size=&#8221;30px&#8221; header_2_font_size_tablet=&#8221;50px&#8221; header_2_font_size_phone=&#8221;40px&#8221; header_2_font_size_last_edited=&#8221;on|desktop&#8221; header_3_font_size_tablet=&#8221;25px&#8221; header_3_font_size_phone=&#8221;20px&#8221; header_3_font_size_last_edited=&#8221;on|phone&#8221; global_colors_info=&#8221;{}&#8221;]<\/p>\n<h2 style=\"text-align: left;\"><span>Defendendo seus direitos e interesses<\/span><\/h2>\n<p>&nbsp;<\/p>\n<h3 style=\"text-align: left;\"><span>Para garantir seus direitos e compensa\u00e7\u00f5es<\/span><\/h3>\n<p>[\/et_pb_text][et_pb_text content_last_edited=&#8221;off|desktop&#8221; _builder_version=&#8221;4.27.2&#8243; _module_preset=&#8221;default&#8221; header_3_font_size=&#8221;20px&#8221; custom_padding=&#8221;20px||||false|false&#8221; header_3_font_size_tablet=&#8221;17px&#8221; header_3_font_size_phone=&#8221;15px&#8221; header_3_font_size_last_edited=&#8221;on|phone&#8221; global_colors_info=&#8221;{}&#8221;]<\/p>\n<h3 class=\"LC20lb MBeuO DKV0Md\"><strong>Mais de uma d\u00e9cada de experi\u00eancia em Acidentes de Ve\u00edculos e Direito de Fal\u00eancias<\/strong><\/h3>\n<p>[\/et_pb_text][\/et_pb_column][et_pb_column type=&#8221;1_2&#8243; _builder_version=&#8221;4.26.0&#8243; _module_preset=&#8221;default&#8221; global_colors_info=&#8221;{}&#8221;][et_pb_contact_form use_spam_service=&#8221;on&#8221; recaptcha_list=&#8221;Default|Default-0&#8243; email=&#8221;info@juanburgoslaw.com&#8221; title=&#8221;Fa\u00e7a uma avalia\u00e7\u00e3o gratuita hoje mesmo!&#8221; custom_message=&#8221;%%Name%%||et_pb_line_break_holder||%%Email%%||et_pb_line_break_holder||%%Telephone%%||et_pb_line_break_holder||%%Message%%&#8221; success_message=&#8221;Estamos aqui para ajudar! Recebemos sua mensagem e responderemos assim que poss\u00edvel.&#8221; submit_button_text=&#8221;Envie&#8221; _builder_version=&#8221;4.27.5&#8243; _module_preset=&#8221;default&#8221; _unique_id=&#8221;f4c954a5-44c4-4293-8cd9-749960806feb&#8221; title_level=&#8221;h2&#8243; title_font=&#8221;|&#8211;et_global_heading_font_weight|||||||&#8221; title_text_align=&#8221;center&#8221; custom_button=&#8221;on&#8221; button_text_color=&#8221;#000000&#8243; button_bg_color=&#8221;#EDF000&#8243; button_border_width=&#8221;0px&#8221; module_alignment=&#8221;left&#8221; custom_padding=&#8221;|20px|20px|20px|false|false&#8221; title_font_size_tablet=&#8221;22px&#8221; title_font_size_phone=&#8221;20px&#8221; title_font_size_last_edited=&#8221;on|phone&#8221; border_width_all=&#8221;1px&#8221; border_color_all=&#8221;#000000&#8243; global_colors_info=&#8221;{}&#8221;][et_pb_contact_field field_id=&#8221;Name&#8221; field_title=&#8221;Nome&#8221; _builder_version=&#8221;4.27.5&#8243; _module_preset=&#8221;default&#8221; form_field_background_color=&#8221;#FFFFFF&#8221; global_colors_info=&#8221;{}&#8221; button_text_size__hover_enabled=&#8221;off&#8221; button_one_text_size__hover_enabled=&#8221;off&#8221; button_two_text_size__hover_enabled=&#8221;off&#8221; button_text_color__hover_enabled=&#8221;off&#8221; button_one_text_color__hover_enabled=&#8221;off&#8221; button_two_text_color__hover_enabled=&#8221;off&#8221; button_border_width__hover_enabled=&#8221;off&#8221; button_one_border_width__hover_enabled=&#8221;off&#8221; button_two_border_width__hover_enabled=&#8221;off&#8221; button_border_color__hover_enabled=&#8221;off&#8221; button_one_border_color__hover_enabled=&#8221;off&#8221; button_two_border_color__hover_enabled=&#8221;off&#8221; button_border_radius__hover_enabled=&#8221;off&#8221; button_one_border_radius__hover_enabled=&#8221;off&#8221; button_two_border_radius__hover_enabled=&#8221;off&#8221; button_letter_spacing__hover_enabled=&#8221;off&#8221; button_one_letter_spacing__hover_enabled=&#8221;off&#8221; button_two_letter_spacing__hover_enabled=&#8221;off&#8221; button_bg_color__hover_enabled=&#8221;off&#8221; button_one_bg_color__hover_enabled=&#8221;off&#8221; button_two_bg_color__hover_enabled=&#8221;off&#8221;][\/et_pb_contact_field][et_pb_contact_field field_id=&#8221;Email&#8221; field_title=&#8221;Endere\u00e7o de E-mail&#8221; field_type=&#8221;email&#8221; _builder_version=&#8221;4.27.2&#8243; _module_preset=&#8221;default&#8221; form_field_background_color=&#8221;#FFFFFF&#8221; global_colors_info=&#8221;{}&#8221; button_text_size__hover_enabled=&#8221;off&#8221; button_one_text_size__hover_enabled=&#8221;off&#8221; button_two_text_size__hover_enabled=&#8221;off&#8221; button_text_color__hover_enabled=&#8221;off&#8221; button_one_text_color__hover_enabled=&#8221;off&#8221; button_two_text_color__hover_enabled=&#8221;off&#8221; button_border_width__hover_enabled=&#8221;off&#8221; button_one_border_width__hover_enabled=&#8221;off&#8221; button_two_border_width__hover_enabled=&#8221;off&#8221; button_border_color__hover_enabled=&#8221;off&#8221; button_one_border_color__hover_enabled=&#8221;off&#8221; button_two_border_color__hover_enabled=&#8221;off&#8221; button_border_radius__hover_enabled=&#8221;off&#8221; button_one_border_radius__hover_enabled=&#8221;off&#8221; button_two_border_radius__hover_enabled=&#8221;off&#8221; button_letter_spacing__hover_enabled=&#8221;off&#8221; button_one_letter_spacing__hover_enabled=&#8221;off&#8221; button_two_letter_spacing__hover_enabled=&#8221;off&#8221; button_bg_color__hover_enabled=&#8221;off&#8221; button_one_bg_color__hover_enabled=&#8221;off&#8221; button_two_bg_color__hover_enabled=&#8221;off&#8221;][\/et_pb_contact_field][et_pb_contact_field field_id=&#8221;Telephone&#8221; field_title=&#8221;Telefone de contato&#8221; fullwidth_field=&#8221;on&#8221; _builder_version=&#8221;4.27.2&#8243; _module_preset=&#8221;default&#8221; form_field_background_color=&#8221;#FFFFFF&#8221; global_colors_info=&#8221;{}&#8221;][\/et_pb_contact_field][et_pb_contact_field field_id=&#8221;Message&#8221; field_title=&#8221;Mensagem &#8221; field_type=&#8221;text&#8221; fullwidth_field=&#8221;on&#8221; _builder_version=&#8221;4.27.2&#8243; _module_preset=&#8221;default&#8221; form_field_background_color=&#8221;#FFFFFF&#8221; global_colors_info=&#8221;{}&#8221; button_text_size__hover_enabled=&#8221;off&#8221; button_one_text_size__hover_enabled=&#8221;off&#8221; button_two_text_size__hover_enabled=&#8221;off&#8221; button_text_color__hover_enabled=&#8221;off&#8221; button_one_text_color__hover_enabled=&#8221;off&#8221; button_two_text_color__hover_enabled=&#8221;off&#8221; button_border_width__hover_enabled=&#8221;off&#8221; button_one_border_width__hover_enabled=&#8221;off&#8221; button_two_border_width__hover_enabled=&#8221;off&#8221; button_border_color__hover_enabled=&#8221;off&#8221; button_one_border_color__hover_enabled=&#8221;off&#8221; button_two_border_color__hover_enabled=&#8221;off&#8221; button_border_radius__hover_enabled=&#8221;off&#8221; button_one_border_radius__hover_enabled=&#8221;off&#8221; button_two_border_radius__hover_enabled=&#8221;off&#8221; button_letter_spacing__hover_enabled=&#8221;off&#8221; button_one_letter_spacing__hover_enabled=&#8221;off&#8221; button_two_letter_spacing__hover_enabled=&#8221;off&#8221; button_bg_color__hover_enabled=&#8221;off&#8221; button_one_bg_color__hover_enabled=&#8221;off&#8221; button_two_bg_color__hover_enabled=&#8221;off&#8221;][\/et_pb_contact_field][\/et_pb_contact_form][et_pb_text _builder_version=&#8221;4.27.2&#8243; _module_preset=&#8221;default&#8221; global_colors_info=&#8221;{}&#8221;]<\/p>\n<h2 class=\"LC20lb MBeuO DKV0Md\" style=\"text-align: center;\"><span>Consulta Gratuita<\/span><\/h2>\n<p>[\/et_pb_text][et_pb_text _builder_version=&#8221;4.27.2&#8243; _module_preset=&#8221;default&#8221; global_colors_info=&#8221;{}&#8221;]<\/p>\n<p style=\"text-align: center;\"><span>A qualidade e o resultado da nossa assist\u00eancia legal depender\u00e3o de fatores espec\u00edficos relacionados aos seus casos individuais.<\/span><\/p>\n<p>[\/et_pb_text][\/et_pb_column][\/et_pb_row][\/et_pb_section][et_pb_section fb_built=&#8221;1&#8243; fullwidth=&#8221;on&#8221; _builder_version=&#8221;4.27.2&#8243; _module_preset=&#8221;default&#8221; global_colors_info=&#8221;{}&#8221;][et_pb_fullwidth_code _builder_version=&#8221;4.27.2&#8243; _module_preset=&#8221;default&#8221; global_colors_info=&#8221;{}&#8221;]<iframe src=\"https:\/\/www.google.com\/maps\/embed?pb=!1m18!1m12!1m3!1d3504.5864336804193!2d-81.39911710000001!3d28.552148!2m3!1f0!2f0!3f0!3m2!1i1024!2i768!4f13.1!3m3!1m2!1s0x88e77a45f4bb48c1%3A0xa4328f4fea218369!2s1339%20Arlington%20St%2C%20Orlando%2C%20FL%2032805!5e0!3m2!1sen!2sus!4v1723903878149!5m2!1sen!2sus\" width=\"100%\" height=\"450\" style=\"border:0;\" allowfullscreen=\"\" loading=\"lazy\" referrerpolicy=\"no-referrer-when-downgrade\"><\/iframe>[\/et_pb_fullwidth_code][\/et_pb_section]<\/p>\n","protected":false},"excerpt":{"rendered":"<p>Na Juan C. Burgos Advogacia, nos concentramos em fornecer representa\u00e7\u00e3o jur\u00eddica eficaz e acess\u00edvel para nossos clientes. Entendemos que enfrentar quest\u00f5es legais pode ser estressante, por isso nos dedicamos a gui\u00e1-los com clareza e compaix\u00e3o a cada passo do caminho. Descubra mais sobre nosso abordagem personalizada e como podemos ajud\u00e1-lo a alcan\u00e7ar os melhores resultados [&hellip;]<\/p>\n","protected":false},"author":1,"featured_media":0,"parent":0,"menu_order":9,"comment_status":"closed","ping_status":"closed","template":"","meta":{"_acf_changed":false,"_et_pb_use_builder":"on","_et_pb_old_content":"","_et_gb_content_width":"","_lmt_disableupdate":"no","_lmt_disable":"","footnotes":""},"class_list":["post-210","page","type-page","status-publish","hentry"],"acf":[],"_links":{"self":[{"href":"https:\/\/juanburgoslaw.com\/pt-br\/wp-json\/wp\/v2\/pages\/210","targetHints":{"allow":["GET"]}}],"collection":[{"href":"https:\/\/juanburgoslaw.com\/pt-br\/wp-json\/wp\/v2\/pages"}],"about":[{"href":"https:\/\/juanburgoslaw.com\/pt-br\/wp-json\/wp\/v2\/types\/page"}],"author":[{"embeddable":true,"href":"https:\/\/juanburgoslaw.com\/pt-br\/wp-json\/wp\/v2\/users\/1"}],"replies":[{"embeddable":true,"href":"https:\/\/juanburgoslaw.com\/pt-br\/wp-json\/wp\/v2\/comments?post=210"}],"version-history":[{"count":3,"href":"https:\/\/juanburgoslaw.com\/pt-br\/wp-json\/wp\/v2\/pages\/210\/revisions"}],"predecessor-version":[{"id":9466,"href":"https:\/\/juanburgoslaw.com\/pt-br\/wp-json\/wp\/v2\/pages\/210\/revisions\/9466"}],"wp:attachment":[{"href":"https:\/\/juanburgoslaw.com\/pt-br\/wp-json\/wp\/v2\/media?parent=210"}],"curies":[{"name":"wp","href":"https:\/\/api.w.org\/{rel}","templated":true}]}}